{"id":899,"date":"2015-12-13T00:51:37","date_gmt":"2015-12-13T00:51:37","guid":{"rendered":"http:\/\/acbsonline.es\/ca\/?page_id=899"},"modified":"2026-03-27T14:13:35","modified_gmt":"2026-03-27T13:13:35","slug":"la-flota","status":"publish","type":"page","link":"https:\/\/aeroclub.es\/ca\/aeroclub\/la-flota\/","title":{"rendered":"La flota"},"content":{"rendered":"<div class=\"wpb-content-wrapper\"><p>[vc_row][vc_column width=&#8221;1\/6&#8243;][\/vc_column][vc_column width=&#8221;4\/6&#8243;]<section class=\"shortcode-action-box table shortcode-action-bg block-style-widget\"><div class=\"text-big\"><h4>Descobreix la millor i m\u00e9s variada flota d\u2019Espanya i una de les m\u00e9s grans d\u2019Europa.<\/h4>\n<\/div><\/section>[vc_empty_space][vc_column_text css=&#8221;&#8221;]<\/p>\n<div class=\"flex flex-col text-sm\">\n<section class=\"text-token-text-primary w-full focus:outline-none [--shadow-height:45px] has-data-writing-block:pointer-events-none has-data-writing-block:-mt-(--shadow-height) has-data-writing-block:pt-(--shadow-height) [&amp;:has([data-writing-block])&gt;*]:pointer-events-auto scroll-mt-[calc(var(--header-height)+min(200px,max(70px,20svh)))]\" dir=\"auto\" data-turn-id=\"request-WEB:773a1f02-da6c-4d18-aa61-640b91718353-9\" data-testid=\"conversation-turn-20\" data-scroll-anchor=\"true\" data-turn=\"assistant\">\n<div class=\"text-base my-auto mx-auto pb-10 [--thread-content-margin:var(--thread-content-margin-xs,calc(var(--spacing)*4))] @w-sm\/main:[--thread-content-margin:var(--thread-content-margin-sm,calc(var(--spacing)*6))] @w-lg\/main:[--thread-content-margin:var(--thread-content-margin-lg,calc(var(--spacing)*16))] px-(--thread-content-margin)\">\n<div class=\"[--thread-content-max-width:40rem] @w-lg\/main:[--thread-content-max-width:48rem] mx-auto max-w-(--thread-content-max-width) flex-1 group\/turn-messages focus-visible:outline-hidden relative flex w-full min-w-0 flex-col agent-turn\">\n<div class=\"flex max-w-full flex-col gap-4 grow\">\n<div class=\"min-h-8 text-message relative flex w-full flex-col items-end gap-2 text-start break-words whitespace-normal outline-none keyboard-focused:focus-ring [.text-message+&amp;]:mt-1\" dir=\"auto\" tabindex=\"0\" data-message-author-role=\"assistant\" data-message-id=\"ffc3664c-ed2a-4273-a812-7090d9b19639\" data-message-model-slug=\"gpt-5-3\" data-turn-start-message=\"true\">\n<div class=\"flex w-full flex-col gap-1 empty:hidden\">\n<div class=\"markdown prose dark:prose-invert w-full wrap-break-word light markdown-new-styling\">\n<p data-start=\"0\" data-end=\"446\" data-is-last-node=\"\" data-is-only-node=\"\">L\u2019Aeroclub disposa de m\u00e9s de 50 aeronaus perfectament mantingudes amb els millors i m\u00e9s estrictes est\u00e0ndards de qualitat i seguretat. El nostre Taller de Manteniment (MRO) i el nostre Departament d\u2019Assegurament de l\u2019Aeronavegabilitat Continuada (CAMO) propis ens permeten garantir l\u2019\u00fas de la flota amb la m\u00e0xima disponibilitat i total confian\u00e7a. Avionetes, bimotores, helic\u00f2pters, acrob\u00e0tics i planadors, tots a disposici\u00f3 del soci de l\u2019Aeroclub.<\/p>\n<\/div>\n<p><\/div>\n<p><\/div>\n<p><\/div>\n<p><\/div>\n<p><\/div>\n<p><\/section>\n<\/div>\n<p>[\/vc_column_text][vc_empty_space]<div class=\"hr-thin style-line\" style=\"width: 100%;border-top-width: 5px;\"><\/div>[vc_empty_space][\/vc_column][vc_column width=&#8221;1\/6&#8243;][\/vc_column][\/vc_row]<\/p>\n<\/div>","protected":false},"excerpt":{"rendered":"<p>[vc_row][vc_column width=&#8221;1\/6&#8243;][\/vc_column][vc_column width=&#8221;4\/6&#8243;][vc_empty_space][vc_column_text css=&#8221;&#8221;] L\u2019Aeroclub disposa de m\u00e9s de 50 aeronaus perfectament mantingudes amb els millors i m\u00e9s estrictes est\u00e0ndards de qualitat i seguretat. El nostre Taller de Manteniment (MRO) i el nostre Departament d\u2019Assegurament de l\u2019Aeronavegabilitat Continuada (CAMO) propis ens permeten garantir l\u2019\u00fas de la flota amb la m\u00e0xima disponibilitat i total confian\u00e7a. Avionetes,&hellip;<\/p>\n","protected":false},"author":1,"featured_media":0,"parent":547,"menu_order":12,"comment_status":"closed","ping_status":"closed","template":"template-portfolio-masonry.php","meta":{"footnotes":""},"class_list":["post-899","page","type-page","status-publish","hentry","description-off"],"aioseo_notices":[],"_links":{"self":[{"href":"https:\/\/aeroclub.es\/ca\/wp-json\/wp\/v2\/pages\/899","targetHints":{"allow":["GET"]}}],"collection":[{"href":"https:\/\/aeroclub.es\/ca\/wp-json\/wp\/v2\/pages"}],"about":[{"href":"https:\/\/aeroclub.es\/ca\/wp-json\/wp\/v2\/types\/page"}],"author":[{"embeddable":true,"href":"https:\/\/aeroclub.es\/ca\/wp-json\/wp\/v2\/users\/1"}],"replies":[{"embeddable":true,"href":"https:\/\/aeroclub.es\/ca\/wp-json\/wp\/v2\/comments?post=899"}],"version-history":[{"count":12,"href":"https:\/\/aeroclub.es\/ca\/wp-json\/wp\/v2\/pages\/899\/revisions"}],"predecessor-version":[{"id":40105,"href":"https:\/\/aeroclub.es\/ca\/wp-json\/wp\/v2\/pages\/899\/revisions\/40105"}],"up":[{"embeddable":true,"href":"https:\/\/aeroclub.es\/ca\/wp-json\/wp\/v2\/pages\/547"}],"wp:attachment":[{"href":"https:\/\/aeroclub.es\/ca\/wp-json\/wp\/v2\/media?parent=899"}],"curies":[{"name":"wp","href":"https:\/\/api.w.org\/{rel}","templated":true}]}}