{"id":905,"date":"2015-12-26T11:27:22","date_gmt":"2015-12-26T11:27:22","guid":{"rendered":"http:\/\/acbsonline.es\/ca\/?page_id=905"},"modified":"2018-06-09T14:15:50","modified_gmt":"2018-06-09T13:15:50","slug":"ser-soci","status":"publish","type":"page","link":"https:\/\/aeroclub.es\/ca\/aeroclub\/ser-soci\/","title":{"rendered":"Ser soci"},"content":{"rendered":"<div class=\"wpb-content-wrapper\"><p>[vc_row][vc_column]<section class=\"shortcode-action-box table shortcode-action-bg block-style-widget\"><div class=\"text-big\"><h3>Fes-te soci de L&#8217;Aeroclub<\/h3>\n<h5>\u00c9sser soci de L&#8217;Aeroclub et dona acc\u00e9s, en primer lloc, a disfrutar de la flota i de totes les instal\u00b7lacions i recursos del club, per\u00f2 sobretot et permetr\u00e0 beneficiar-te de tots els cursos impartits per a \u00e0mpliar la teva formaci\u00f3 aeron\u00e0utica i integrar-te en un col\u00b7lectiu de persones amb les mateixes passions per a compartir tot tipus d&#8217;esdeveniments i activitats de vol.<\/h5>\n<\/div><\/section>[\/vc_column][\/vc_row][vc_row][vc_column][vc_empty_space height=&#8221;50&#8243;]<div class=\"dt-fancy-separator title-left h4-size style-thick title-color\" style=\"width: 50%;\"><div class=\"dt-fancy-title\"><span class=\"separator-holder separator-left\"><\/span>Beneficis de ser soci<span class=\"separator-holder separator-right\"><\/span><\/div><\/div>[vc_empty_space height=&#8221;32&#8243;][vc_column_text]Ser soci de L&#8217;Aeroclub t&#8217;ofereix moltes avantatges per a dur a terme la teva activitat aeron\u00e0utica, com per exemple:[\/vc_column_text][vc_empty_space height=&#8221;32&#8243;]<div class=\"standard-arrow bullet-top\"><ul>\n<li>Possibilitat de volar tota la flota de L&#8217;Aeroclub com a Pilot al comandament<\/li>\n<li>Possibilitat de fer viatges (minim 2h de vol\/dia, subjecte a disponibilitat de l&#8217;aeronau)<\/li>\n<li>Possibilitat de donar-te la &#8220;suelta&#8221; en totes les aeronaus de la flota, i volar s\u00f2l o b\u00e9 amb passatgers (&#8220;suelta&#8221; per tipus d&#8217;aeronau, a criterio de l&#8217;equip d&#8217;instructors i del HT. La &#8220;suelta&#8221; caduca als 90 dies sense volar el tipus d&#8217;aeronau)<\/li>\n<li>Disponibilitat m\u00e0xima d&#8217;aeronaus donada l&#8217;amplitud de la flota (40+ aeronaus)<\/li>\n<li>Possibilitat de volar multitud de tipus diferents d&#8217;avi\u00f3, helic\u00f2pter o veler, progressant d&#8217;acord al teu nivell de formaci\u00f3<\/li>\n<li>Possibilitat de participar en diferentes disciplines o modalitats de vol, com l&#8217;acrobacia, el vol a vela, els rallyes i competicions o el vol de muntanya, per exemple, d&#8217;acord amb els teus interessos<\/li>\n<li>Cost de lloguer d&#8217;aeronau competitiu a nivell de mercat, combustible incl\u00f2s al preu<\/li>\n<li>Descomptes al preu de l&#8217;hora de vol per antiguetat de soci<\/li>\n<li>M\u00e0xima seguretat, CAMO &amp; MRO (taller) propis certificats per AESA<\/li>\n<li>Asseguran\u00e7a colectiva de pilot gratuita<\/li>\n<li>Tr\u00e0mits, renovacions i gestions de la documentaci\u00f3 centralitzats pel club<\/li>\n<li>Possibilitat de realitzar tots els cursos impartits pel Aeroclub<\/li>\n<li>Possibilitat d&#8217;assistir als seminaris, xerrades i events organitzats pel club<\/li>\n<li>Possibilitat de participar en competicions, voltes a\u00e8ries, excursions i tot topus d&#8217;activitats de vol organitzados pel club<\/li>\n<\/ul>\n<\/div>[vc_empty_space height=&#8221;50&#8243;]<div class=\"dt-fancy-separator title-left h4-size style-thick title-color\" style=\"width: 50%;\"><div class=\"dt-fancy-title\"><span class=\"separator-holder separator-left\"><\/span>Com fer-se soci<span class=\"separator-holder separator-right\"><\/span><\/div><\/div>[vc_empty_space height=&#8221;32&#8243;][vc_column_text]Per a fer-se soci de L&#8217;Aeroclub \u00fanicament cal abonar la quota d&#8217;entrada i la quota mensual establertes, un cop cumplimentat el full de proposta de soci.<\/p>\n<p>Es pot ser soci de L&#8217;Aeroclub Barcelona-Sabadell en diferentes modalitats:[\/vc_column_text][vc_empty_space height=&#8221;32&#8243;]<div class=\"standard-number-list bullet-top\"><ul>\n<li><strong>Soci General:<\/strong> engloba les activitats de totes les especialitats esportives i l&#8217;\u00fas de totes les instal\u00b7lacions o centre d&#8217;activitat de L&#8217;Aeroclub<\/li>\n<li><strong>Soci<\/strong><strong>\u00a0Secci\u00f3<\/strong>: engloba les activitats desenvolupades a l&#8217;Aer\u00f2drom de la Cerdanya de les especialitats esportives de Vol a vela i Ultralleugers<\/li>\n<li><strong>Soci Transe\u00fant<\/strong>: modalitat de soci temporal, adre\u00e7ada a pilots que realitzen la seva activitat amb L&#8217;Aeroclub per un temps limitat<\/li>\n<li><strong>Soci Junior:\u00a0<\/strong>per als m\u00e9s petits; si vols iniciar els teus fill i fer-los sentir part\u00edceps de la nostra passi\u00f3, fes-los socis de forma gratuita fins als 16 anys<\/li>\n<\/ul>\n<\/div>[vc_empty_space height=&#8221;32&#8243;][vc_column_text]Per a obtenir m\u00e9s informaci\u00f3, contacta amb nosaltres.[\/vc_column_text][vc_empty_space height=&#8221;50&#8243;]<section class=\"shortcode-action-box box-style-table shortcode-action-bg block-style-widget no-line\"><div class=\"text-big\"><div class=\"gap\" style=\"line-height: 10px; height: 10px;\"><\/div>\n<h4>Vols formar part\u00a0de L&#8217;Aeroclub?<\/h4>\n<div class=\"gap\" style=\"line-height: 10px; height: 10px;\"><\/div>\n<p>Per a ser soci i disfrutar de tots els beneficis de pert\u00e8nyer a L&#8217;Aeroclub, truca&#8217;ns ja al <strong>937 101 952<\/strong> o fes click amb el bot\u00f3 per a utilitzar el formulari de contacate, i nosaltres et trucarem.<\/p>\n<\/div><div class=\"shortcode-action-container action-button\"><a href=\"http:\/\/aeroclub.es\/ca\/aeroclub\/contacte\/\" class=\"btn-shortcode dt-btn-m dt-btn default-btn-color default-btn-hover-color default-btn-bg-color default-btn-bg-hover-color fadeIn animate-element animation-builder ico-right-side\" id=\"dt-btn-1\"><span>CONTACTE<\/span><i class=\"fa fa-chevron-circle-right\"><\/i><\/a><\/div><\/section>[\/vc_column][\/vc_row]<\/p>\n<\/div>","protected":false},"excerpt":{"rendered":"<p>[vc_row][vc_column][\/vc_column][\/vc_row][vc_row][vc_column][vc_empty_space height=&#8221;50&#8243;][vc_empty_space height=&#8221;32&#8243;][vc_column_text]Ser soci de L&#8217;Aeroclub t&#8217;ofereix moltes avantatges per a dur a terme la teva activitat aeron\u00e0utica, com per exemple:[\/vc_column_text][vc_empty_space height=&#8221;32&#8243;][vc_empty_space height=&#8221;50&#8243;][vc_empty_space height=&#8221;32&#8243;][vc_column_text]Per a fer-se soci de L&#8217;Aeroclub \u00fanicament cal abonar la quota d&#8217;entrada i la quota mensual establertes, un cop cumplimentat el full de proposta de soci. Es pot ser soci de L&#8217;Aeroclub&hellip;<\/p>\n","protected":false},"author":1,"featured_media":0,"parent":547,"menu_order":17,"comment_status":"closed","ping_status":"closed","template":"","meta":{"footnotes":""},"class_list":["post-905","page","type-page","status-publish","hentry","description-off"],"aioseo_notices":[],"_links":{"self":[{"href":"https:\/\/aeroclub.es\/ca\/wp-json\/wp\/v2\/pages\/905","targetHints":{"allow":["GET"]}}],"collection":[{"href":"https:\/\/aeroclub.es\/ca\/wp-json\/wp\/v2\/pages"}],"about":[{"href":"https:\/\/aeroclub.es\/ca\/wp-json\/wp\/v2\/types\/page"}],"author":[{"embeddable":true,"href":"https:\/\/aeroclub.es\/ca\/wp-json\/wp\/v2\/users\/1"}],"replies":[{"embeddable":true,"href":"https:\/\/aeroclub.es\/ca\/wp-json\/wp\/v2\/comments?post=905"}],"version-history":[{"count":10,"href":"https:\/\/aeroclub.es\/ca\/wp-json\/wp\/v2\/pages\/905\/revisions"}],"predecessor-version":[{"id":4749,"href":"https:\/\/aeroclub.es\/ca\/wp-json\/wp\/v2\/pages\/905\/revisions\/4749"}],"up":[{"embeddable":true,"href":"https:\/\/aeroclub.es\/ca\/wp-json\/wp\/v2\/pages\/547"}],"wp:attachment":[{"href":"https:\/\/aeroclub.es\/ca\/wp-json\/wp\/v2\/media?parent=905"}],"curies":[{"name":"wp","href":"https:\/\/api.w.org\/{rel}","templated":true}]}}